{"id":19,"date":"2018-06-20T21:30:22","date_gmt":"2018-06-20T19:30:22","guid":{"rendered":"http:\/\/www.rsacortellona.com\/rsa\/?page_id=19"},"modified":"2021-06-15T11:43:36","modified_gmt":"2021-06-15T09:43:36","slug":"privacy","status":"publish","type":"page","link":"https:\/\/www.rsacortellona.com\/rsa\/privacy\/","title":{"rendered":"Privacy"},"content":{"rendered":"<h1>INFORMATIVA PER IL TRATTAMENTO DEI DATI PERSONALI<\/h1>\n<p>FONDAZIONE ALCESTE CORTELLONA con CF 83000050183 e P.IVA 01593920182 (in seguito, \u201cTitolare\u201d), in qualit\u00e0 di titolare del trattamento, La informa ai sensi dell\u2019art. 13 D.Lgs. 30.6.2003 n. 196 (in seguito, \u201cCodice Privacy\u201d) e dell\u2019art. 13 Regolamento UE n. 2016\/679 (in seguito, \u201cGDPR\u201d) che i Suoi dati saranno trattati con le modalit\u00e0 e per le finalit\u00e0 seguenti:<\/p>\n<h2>1. Oggetto del Trattamento<\/h2>\n<p>Il Titolare tratta i dati personali, identificativi (ad esempio, nome, cognome, ragione sociale, indirizzo, telefono, e-mail, riferimenti bancari e di pagamento)\u2013 in seguito, \u201cdati personali\u201d o anche \u201cdati\u201d) da Lei comunicati in occasione della conclusione di contratti per i servizi del Titolare.<\/p>\n<h2>2. Finalit\u00e0 del trattamento<\/h2>\n<p>I Suoi dati personali sono trattati:<\/p>\n<p>A) senza il Suo consenso espresso (art. 24 lett. a), b), c) Codice Privacy e art. 6 lett. b), e) GDPR), per le seguenti Finalit\u00e0 di Servizio:<\/p>\n<p style=\"padding-left: 30px;\">&#8211; concludere i contratti per i servizi del Titolare;<br \/>&#8211; adempiere agli obblighi precontrattuali, contrattuali e fiscali derivanti da rapporti con Lei in essere;<br \/>&#8211; adempiere agli obblighi previsti dalla legge, da un regolamento, dalla normativa comunitaria o da un ordine dell\u2019Autorit\u00e0 (come ad esempio in materia di antiriciclaggio);<br \/>&#8211; esercitare i diritti del Titolare, ad esempio il diritto di difesa in giudizio;<\/p>\n<p>B) Solo previo Suo specifico e distinto consenso (artt. 23 e 130 Codice Privacy e art. 7 GDPR), per le seguenti Finalit\u00e0 di Marketing:<\/p>\n<p style=\"padding-left: 30px;\">&#8211; inviarLe via e-mail, posta e\/o sms e\/o contatti telefonici, newsletter, comunicazioni commerciali e\/o materiale pubblicitario su prodotti o servizi offerti dal Titolare e rilevazione del grado di soddisfazione sulla qualit\u00e0 dei servizi;<br \/>&#8211; inviarLe via e-mail, posta e\/o sms e\/o contatti telefonici comunicazioni commerciali e\/o promozionali di soggetti terzi (ad esempio, business partner, compagnie assicurative, altre societ\u00e0 del Gruppo Card Protection Plan).<\/p>\n<p>Le segnaliamo che se siete gi\u00e0 nostri clienti, potremo inviarLe comunicazioni commerciali relative a servizi e prodotti del Titolare analoghi a quelli di cui ha gi\u00e0 usufruito, salvo Suo dissenso (art. 130 c. 4 Codice Privacy).<\/p>\n<h2>3. Modalit\u00e0 di trattamento<\/h2>\n<p>Il trattamento dei Suoi dati personali \u00e8 realizzato per mezzo delle operazioni indicate all\u2019art. 4 Codice Privacy e all\u2019art. 4 n. 2) GDPR e precisamente: raccolta, registrazione, organizzazione, conservazione, consultazione, elaborazione, modificazione, selezione, estrazione, raffronto, utilizzo, interconnessione, blocco, comunicazione, cancellazione e distruzione dei dati. I Suoi dati personali sono sottoposti a trattamento sia cartaceo che elettronico e\/o automatizzato.<\/p>\n<p>Il Titolare tratter\u00e0 i dati personali per il tempo necessario per adempiere alle finalit\u00e0 di cui sopra e comunque per non oltre 10 anni dalla cessazione del rapporto per le Finalit\u00e0 di Servizio.<\/p>\n<h2>4. Accesso ai dati<\/h2>\n<p>I Suoi dati potranno essere resi accessibili per le finalit\u00e0 di cui all\u2019art. 2.A) e 2.B):<\/p>\n<p style=\"padding-left: 30px;\">&#8211; a dipendenti e collaboratori del Titolare o delle societ\u00e0 del Gruppo Card Protection Plan in Italia e all\u2019estero, nella loro qualit\u00e0 di incaricati e\/o responsabili interni del trattamento e\/o amministratori di sistema;<br \/>&#8211; a societ\u00e0 terze o altri soggetti (a titolo indicativo, istituti di credito, studi professionali, consulenti, societ\u00e0 di assicurazione per la prestazione di servizi assicurativi, etc.) che svolgono attivit\u00e0 in outsourcing per conto del Titolare, nella loro qualit\u00e0 di responsabili esterni del trattamento.<\/p>\n<h2>5. Comunicazione dei dati<\/h2>\n<p>Senza la necessit\u00e0 di un espresso consenso (ex art. 24 lett. a), b), d) Codice Privacy e art. 6 lett. b) e c) GDPR), il Titolare potr\u00e0 comunicare i Suoi dati per le finalit\u00e0 di cui all\u2019art. 2.A) a Organismi di vigilanza, Autorit\u00e0 giudiziarie, a societ\u00e0 di assicurazione per la prestazione di servizi assicurativi, nonch\u00e9 a quei soggetti ai quali la comunicazione sia obbligatoria per legge per l\u2019espletamento delle finalit\u00e0 dette. Detti soggetti tratteranno i dati nella loro qualit\u00e0 di autonomi titolari del trattamento.<\/p>\n<p>I Suoi dati non saranno diffusi.<\/p>\n<h2>6. Trasferimento dati<\/h2>\n<p>I dati personali sono conservati su server ubicati in Italia, all\u2019interno dell\u2019Unione Europea. Resta in ogni caso inteso che il Titolare, ove si rendesse necessario, avr\u00e0 facolt\u00e0 di spostare i server anche extra-UE. In tal caso, il Titolare assicura sin d\u2019ora che il trasferimento dei dati extra-UE avverr\u00e0 in conformit\u00e0 alle disposizioni di legge applicabili, previa stipula delle clausole contrattuali standard previste dalla Commissione Europea.<\/p>\n<h2>7. Natura del conferimento dei dati e conseguenze del rifiuto di rispondere<\/h2>\n<p>Il conferimento dei dati per le finalit\u00e0 di cui all\u2019art. 2.A) \u00e8 obbligatorio. In loro assenza, non potremo garantirLe i Servizi dell\u2019art. 2.A).<\/p>\n<p>Il conferimento dei dati per le finalit\u00e0 di cui all\u2019art. 2.B) \u00e8 invece facoltativo. Pu\u00f2 quindi decidere di non conferire alcun dato o di negare successivamente la possibilit\u00e0 di trattare dati gi\u00e0 forniti: in tal caso, non potr\u00e0 ricevere newsletter, comunicazioni commerciali e materiale pubblicitario inerenti ai Servizi offerti dal Titolare. Continuer\u00e0 comunque ad avere diritto ai Servizi di cui all\u2019art. 2.A).<\/p>\n<h2>8. Diritti dell\u2019interessato<\/h2>\n<p>Nella Sua qualit\u00e0 di interessato, ha i diritti di cui all\u2019art. 7 Codice Privacy e art. 15 GDPR e precisamente i diritti di:<\/p>\n<p style=\"padding-left: 30px;\">i. ottenere la conferma dell&#8217;esistenza o meno di dati personali che La riguardano, anche se non ancora registrati, e la loro comunicazione in forma intelligibile;<\/p>\n<p style=\"padding-left: 30px;\">ii. ottenere l&#8217;indicazione: a) dell&#8217;origine dei dati personali; b) delle finalit\u00e0 e modalit\u00e0 del trattamento; c) della logica applicata in caso di trattamento effettuato con l&#8217;ausilio di strumenti elettronici; d) degli estremi identificativi del titolare, dei responsabili e del rappresentante designato ai sensi dell&#8217;art. 5, comma 2 Codice Privacy e art. 3, comma 1, GDPR; e) dei soggetti o delle categorie di soggetti ai quali i dati personali possono essere comunicati o che possono venirne a conoscenza in qualit\u00e0 di rappresentante designato nel territorio dello Stato, di responsabili o incaricati;<\/p>\n<p style=\"padding-left: 30px;\">iii. ottenere: a) l&#8217;aggiornamento, la rettificazione ovvero, quando vi ha interesse, l&#8217;integrazione dei dati; b) la cancellazione, la trasformazione in forma anonima o il blocco dei dati trattati in violazione di legge, compresi quelli di cui non \u00e8 necessaria la conservazione in relazione agli scopi per i quali i dati sono stati raccolti o successivamente trattati; c) l&#8217;attestazione che le operazioni di cui alle lettere a) e b) sono state portate a conoscenza, anche per quanto riguarda il loro contenuto, di coloro ai quali i dati sono stati comunicati o diffusi, eccettuato il caso in cui tale adempimento si rivela impossibile o comporta un impiego di mezzi manifestamente sproporzionato rispetto al diritto tutelato;<\/p>\n<p style=\"padding-left: 30px;\">iv. opporsi, in tutto o in parte: a) per motivi legittimi al trattamento dei dati personali che La riguardano, ancorch\u00e9 pertinenti allo scopo della raccolta; b) al trattamento di dati personali che La riguardano a fini di invio di materiale pubblicitario o di vendita diretta o per il compimento di ricerche di mercato o di comunicazione commerciale, mediante l\u2019uso di sistemi automatizzati di chiamata senza l\u2019intervento di un operatore mediante e-mail e\/o mediante modalit\u00e0 di marketing tradizionali mediante telefono e\/o posta cartacea.<br \/>Si fa presente che il diritto di opposizione dell\u2019interessato, esposto al precedente punto b), per finalit\u00e0 di marketing diretto mediante modalit\u00e0 automatizzate si estende a quelle tradizionali e che comunque resta salva la possibilit\u00e0 per l\u2019interessato di esercitare il diritto di opposizione anche solo in parte. Pertanto, l\u2019interessato pu\u00f2 decidere di ricevere solo comunicazioni mediante modalit\u00e0 tradizionali ovvero solo comunicazioni automatizzate oppure nessuna delle due tipologie di comunicazione.<\/p>\n<p>Ove applicabili, ha altres\u00ec i diritti di cui agli artt. 16-21 GDPR (Diritto di rettifica, diritto all\u2019oblio, diritto di limitazione di trattamento, diritto alla portabilit\u00e0 dei dati, diritto di opposizione), nonch\u00e9 il diritto di reclamo all\u2019Autorit\u00e0 Garante.<\/p>\n<h2>9. Modalit\u00e0 di esercizio dei diritti<\/h2>\n<p>Potr\u00e0 in qualsiasi momento esercitare i diritti inviando:<\/p>\n<p style=\"padding-left: 30px;\">&#8211; una raccomandata a.r. al titolare<br \/>&#8211; una e-mail all\u2019indirizzo amministrazione@rsacortellona.com<\/p>\n<h2>10. Titolare, responsabile e incaricati<\/h2>\n<p>Il Titolare del trattamento \u00e8:<\/p>\n<pre>FONDAZIONE ALCESTE CORTELLONA\nVia Cortellona 41\n27036 Mortara (PV)\nP.IVA 01593920182 - C.FIS. 83000050183\n<\/pre>\n<p>Il Responsabile Protezione Dati (RPD &#8211; DPO) \u00e8 <u>MACCARINI MARICO ANGELO E C. SAS<br \/><\/u>\u00a0\u00a0\u00a0\u00a0\u00a0 &#8211; email di contatto <u>privacy @ maccarini.org <\/u><\/p>\n<p>L\u2019elenco aggiornato dei responsabili e degli incaricati al trattamento \u00e8 custodito presso la sede legale del Titolare del trattamento.<\/p>\n<p>Riferimento normativo: Regolamento_679-2016.pdf<\/p>\n<p>Per qualsiasi altra richiesta fate riferimento al <a href=\"https:\/\/www.garanteprivacy.it\/home\/diritti\" target=\"_blank\" rel=\"noopener\">sito<\/a> del garante della privacy<br \/><a id=\"cookie\"><\/a><\/p>\n<hr \/>\n<h2>INFORMATIVA ESTESA SUI COOKIE<\/h2>\n<h3>Cosa sono i cookies<\/h3>\n<p>I cookies sono piccoli file di testo che vengono automaticamente posizionati sul PC del navigatore all&#8217;interno del browser. Essi contengono informazioni di base sulla navigazione in Internet e grazie al browser vengono riconosciuti ogni volta che l&#8217;utente visita il sito.<\/p>\n<h3>Cookie utilizzati da questo sito<\/h3>\n<p>Questo sito utilizza cookie, anche di terze parti, per migliorarne l&#8217;esperienza di navigazione e consentire a chi naviga di usufruire dei nostri servizi online e di visualizzare pubblicit\u00e0 in linea con le proprie preferenze. I cookies utilizzati in questo sito rientrano nelle categorie descritte di seguito.<\/p>\n<h3>Gestione dei cookie<\/h3>\n<h4>Cookie tecnici<\/h4>\n<p><strong>Attivit\u00e0 strettamente necessarie al funzionamento<\/strong><br \/>Questi cookies hanno natura tecnica e permettono al sito di funzionare correttamente. Ad esempio, mantengono l&#8217;utente collegato durante<br \/>la navigazione evitando che il sito richieda di collegarsi pi\u00f9 volte per accedere alle pagine successive.<\/p>\n<p><strong>Attivit\u00e0 di salvataggio delle preferenze<\/strong><br \/>Questi cookie permettono di ricordare le preferenze selezionate dall&#8217;utente durante la navigazione, ad esempio, consentono di impostare la lingua.<\/p>\n<p><strong>Attivit\u00e0 Statistiche e di Misurazione dell&#8217;audience<\/strong><br \/>Questi cookie ci aiutano a capire, attraverso dati raccolti in forma anonima e aggregata, come gli utenti interagiscono con i nostri siti internet fornendoci informazioni relative alle sezioni visitate, il tempo trascorso sul sito, eventuali malfunzionamenti. Questo ci aiuta a migliorare la resa dei nostri siti internet.<\/p>\n<h4>Cookie Statistici e di Misurazione dell&#8217;audience di terza parte<\/h4>\n<p>Questi cookie (servizi web di terza parte) forniscono informazioni anonime \/ aggregate sul modo in cui i visitatori navigano sul sito.<br \/>Di seguito i link alle rispettive pagine di privacy policy.<\/p>\n<ul class=\"first\">\n<li><strong>Adobe<\/strong><\/li>\n<li>Adobe Analytics: sistema di statistiche<\/li>\n<li>Cookies analitici<\/li>\n<li><a title=\"\" href=\"http:\/\/www.adobe.com\/privacy\/policy.html\" target=\"_blank\" rel=\"noopener noreferrer\">privacy policy<\/a><\/li>\n<\/ul>\n<ul class=\"last\">\n<li><strong>Nielsen<\/strong><\/li>\n<li>SiteCensus: sistema di statistiche<\/li>\n<li>Cookies analitici<\/li>\n<li><a title=\"\" href=\"http:\/\/www.nielsen.com\/content\/corporate\/policy\/en\/cookie-policy.html\" target=\"_blank\" rel=\"noopener noreferrer\">privacy policy<\/a><\/li>\n<\/ul>\n<h4>Cookie di social media sharing<\/h4>\n<p>Questi cookie di terza parte vengono utilizzati per integrare alcune diffuse funzionalit\u00e0 dei principali social media e fornirle all&#8217;interno del sito. In particolare permettono la registrazione e l&#8217;autenticazione sul sito tramite facebook e google connect, la condivisione e i commenti di pagine del sito sui social, abilitano le funzionalit\u00e0 del &#8220;mi piace&#8221; su Facebook e del &#8220;+1&#8221; su G+.<\/p>\n<p>Di seguito i link alle rispettive pagine di privacy policy.<\/p>\n<ul class=\"social_media first\">\n<li><strong>Facebook<\/strong><\/li>\n<li>social media<\/li>\n<li><a title=\"\" href=\"https:\/\/www.facebook.com\/about\/privacy\/\" target=\"_blank\" rel=\"noopener noreferrer\">privacy policy<\/a><\/li>\n<\/ul>\n<ul class=\"social_media\">\n<li><strong>G+<\/strong><\/li>\n<li>social media<\/li>\n<li><a title=\"\" href=\"https:\/\/www.google.com\/intl\/it\/policies\/\" target=\"_blank\" rel=\"noopener noreferrer\">privacy policy<\/a><\/li>\n<\/ul>\n<ul class=\"social_media\">\n<li><strong>Youtube<\/strong><\/li>\n<li>social media<\/li>\n<li><a title=\"\" href=\"https:\/\/www.youtube.com\/static?template=privacy_guidelines\" target=\"_blank\" rel=\"noopener noreferrer\">privacy policy<\/a><\/li>\n<\/ul>\n<ul class=\"social_media\">\n<li><strong>Twitter<\/strong><\/li>\n<li>social media<\/li>\n<li><a title=\"\" href=\"https:\/\/twitter.com\/privacy\" target=\"_blank\" rel=\"noopener noreferrer\">privacy policy<\/a><\/li>\n<\/ul>\n<ul class=\"social_media\">\n<li><strong>Linkedin<\/strong><\/li>\n<li>social media<\/li>\n<li><a title=\"\" href=\"http:\/\/www.linkedin.com\/legal\/privacy-policy\" target=\"_blank\" rel=\"noopener noreferrer\">privacy policy<\/a><\/li>\n<\/ul>\n<ul class=\"social_media last\">\n<li><strong>Pinterest<\/strong><\/li>\n<li>social media<\/li>\n<li><a title=\"\" href=\"https:\/\/about.pinterest.com\/it\/privacy-policy\" target=\"_blank\" rel=\"noopener noreferrer\">privacy policy<\/a><\/li>\n<\/ul>\n<h3>Ricordati che puoi gestire le tue preferenze sui cookie anche attraverso il browser<\/h3>\n<p><em>Se si utilizza Internet Explorer<\/em><br \/>In Internet Explorer, fare clic su &#8220;Strumenti&#8221; poi &#8220;Opzioni Internet&#8221;.<br \/>Nella scheda Privacy, spostare il cursore verso l&#8217;alto per bloccare tutti i cookie o verso il basso per consentire a tutti i cookie, e quindi fare clic su OK.<\/p>\n<p>\u00a0<\/p>\n<p><em>Se si utilizza il browser Firefox<\/em><br \/>Vai al menu &#8220;Strumenti&#8221; del browser e selezionare il menu &#8220;Opzioni&#8221;<br \/>Fare clic sulla scheda &#8220;Privacy&#8221;, deselezionare la casella &#8220;Accetta cookie&#8221; e fare clic su OK.<\/p>\n<p>\u00a0<\/p>\n<p><em>Se si utilizza il browser Safari<\/em><br \/>Dal Browser Safari selezionare il menu &#8220;Modifica&#8221; e selezionare &#8220;Preferences&#8221;.<br \/>Clicca su &#8220;Privacy&#8221;.<br \/>Posizionare l&#8217;impostazione &#8220;cookies Block&#8221; sempre &#8220;e fare clic su OK.<\/p>\n<p>\u00a0<\/p>\n<p><em>Se si utilizza il browser Google Chrome<\/em><br \/>Fai clic sul menu Chrome nella barra degli strumenti del browser.<br \/>Selezionare &#8220;Impostazioni&#8221;.<br \/>Fare clic su &#8220;Mostra impostazioni avanzate&#8221;.<br \/>Nella sezione &#8220;Privacy&#8221;, fai clic sul pulsante &#8220;Impostazioni contenuti&#8221;.<br \/>Nella sezione &#8220;Cookies&#8221;, selezionare &#8220;Non consentire ai siti per memorizzare i dati&#8221; e di controllo &#8220;cookie di blocco e di terze parti i dati sito&#8221;, e quindi fare clic su OK.<\/p>\n<p>\u00a0<\/p>\n<p>Se usi un qualsiasi altro browser, cerca nelle Impostazioni del browser la modalit\u00e0 di gestione dei cookies.<\/p>\n<hr \/>\n<pre><table class=\"cookielawinfo-row-cat-table cookielawinfo-classic\"><thead><tr><th class=\"cookielawinfo-column-1\">Cookie<\/th><th class=\"cookielawinfo-column-2\">Tipo<\/th><th class=\"cookielawinfo-column-3\">Durata<\/th><th class=\"cookielawinfo-column-4\">Descrizione<\/th><\/tr><\/thead><tbody><tr class=\"cookielawinfo-row\"><td class=\"cookielawinfo-column-1\"><\/td><td class=\"cookielawinfo-column-2\"><\/td><td class=\"cookielawinfo-column-3\"><\/td><td class=\"cookielawinfo-column-4\"><\/td><\/tr><tr class=\"cookielawinfo-row\"><td class=\"cookielawinfo-column-1\">PHPSESSID<\/td><td class=\"cookielawinfo-column-2\">session<\/td><td class=\"cookielawinfo-column-3\">session<\/td><td class=\"cookielawinfo-column-4\">To identify your unique session on the website<\/td><\/tr><tr class=\"cookielawinfo-row\"><td class=\"cookielawinfo-column-1\">viewed_cookie_policy<\/td><td class=\"cookielawinfo-column-2\">session<\/td><td class=\"cookielawinfo-column-3\">1 anno<\/td><td class=\"cookielawinfo-column-4\">Privacy policy acceptance cookie<\/td><\/tr><tr class=\"cookielawinfo-row\"><td class=\"cookielawinfo-column-1\">wordpress_<\/td><td class=\"cookielawinfo-column-2\">session<\/td><td class=\"cookielawinfo-column-3\">15 gg<\/td><td class=\"cookielawinfo-column-4\">WordPress cookie for a user session [UID].<\/td><\/tr><tr class=\"cookielawinfo-row\"><td class=\"cookielawinfo-column-1\">wordpress_logged_in_[UID]<\/td><td class=\"cookielawinfo-column-2\">session<\/td><td class=\"cookielawinfo-column-3\">15 gg<\/td><td class=\"cookielawinfo-column-4\">WordPress cookie for a logged in user session [UID]<\/td><\/tr><tr class=\"cookielawinfo-row\"><td class=\"cookielawinfo-column-1\">wordpress_test_cookie<\/td><td class=\"cookielawinfo-column-2\">session<\/td><td class=\"cookielawinfo-column-3\">session<\/td><td class=\"cookielawinfo-column-4\">WordPress test cookie<\/td><\/tr><tr class=\"cookielawinfo-row\"><td class=\"cookielawinfo-column-1\">wp-settings-time-[UID]<\/td><td class=\"cookielawinfo-column-2\">session<\/td><td class=\"cookielawinfo-column-3\">1 anno<\/td><td class=\"cookielawinfo-column-4\">WordPress also sets a few wp-settings-{time}-[UID] cookies. The number on the end is your individual user ID from the users database table.<\/td><\/tr><tr class=\"cookielawinfo-row\"><td class=\"cookielawinfo-column-1\">wp-settings-[UID]<\/td><td class=\"cookielawinfo-column-2\">session<\/td><td class=\"cookielawinfo-column-3\">1 anno<\/td><td class=\"cookielawinfo-column-4\">The number on the end is your individual user ID from the users database table.<\/td><\/tr><\/tbody><\/table><\/pre>\n\n\n<p><\/p>\n","protected":false},"excerpt":{"rendered":"<p>INFORMATIVA PER IL TRATTAMENTO DEI DATI PERSONALI FONDAZIONE ALCESTE CORTELLONA con CF 83000050183 e P.IVA 01593920182 (in seguito, \u201cTitolare\u201d), in qualit\u00e0 di titolare del trattamento, La informa ai sensi dell\u2019art. 13 D.Lgs. 30.6.2003 n. 196 (in seguito, \u201cCodice Privacy\u201d) e dell\u2019art. 13 Regolamento UE n. 2016\/679 (in seguito, \u201cGDPR\u201d) che i Suoi dati saranno trattati &hellip; <\/p>\n<p class=\"link-more\"><a href=\"https:\/\/www.rsacortellona.com\/rsa\/privacy\/\" class=\"more-link\">Leggi tutto<span class=\"screen-reader-text\"> &#8220;Privacy&#8221;<\/span><\/a><\/p>\n","protected":false},"author":1,"featured_media":0,"parent":0,"menu_order":0,"comment_status":"closed","ping_status":"closed","template":"","meta":{"footnotes":""},"class_list":["post-19","page","type-page","status-publish","hentry"],"_links":{"self":[{"href":"https:\/\/www.rsacortellona.com\/rsa\/wp-json\/wp\/v2\/pages\/19","targetHints":{"allow":["GET"]}}],"collection":[{"href":"https:\/\/www.rsacortellona.com\/rsa\/wp-json\/wp\/v2\/pages"}],"about":[{"href":"https:\/\/www.rsacortellona.com\/rsa\/wp-json\/wp\/v2\/types\/page"}],"author":[{"embeddable":true,"href":"https:\/\/www.rsacortellona.com\/rsa\/wp-json\/wp\/v2\/users\/1"}],"replies":[{"embeddable":true,"href":"https:\/\/www.rsacortellona.com\/rsa\/wp-json\/wp\/v2\/comments?post=19"}],"version-history":[{"count":7,"href":"https:\/\/www.rsacortellona.com\/rsa\/wp-json\/wp\/v2\/pages\/19\/revisions"}],"predecessor-version":[{"id":1094,"href":"https:\/\/www.rsacortellona.com\/rsa\/wp-json\/wp\/v2\/pages\/19\/revisions\/1094"}],"wp:attachment":[{"href":"https:\/\/www.rsacortellona.com\/rsa\/wp-json\/wp\/v2\/media?parent=19"}],"curies":[{"name":"wp","href":"https:\/\/api.w.org\/{rel}","templated":true}]}}